{"id":704,"date":"2024-03-10T23:03:57","date_gmt":"2024-03-11T02:03:57","guid":{"rendered":"https:\/\/colegiomontesclaros.com.br\/?page_id=704"},"modified":"2024-03-10T23:26:16","modified_gmt":"2024-03-11T02:26:16","slug":"saiu-na-midia","status":"publish","type":"page","link":"https:\/\/colegiomontesclaros.com.br\/index.php\/saiu-na-midia\/","title":{"rendered":"Saiu na m\u00eddia"},"content":{"rendered":"\t\t<div data-elementor-type=\"wp-page\" data-elementor-id=\"704\" class=\"elementor elementor-704\" data-elementor-post-type=\"page\">\n\t\t\t\t<div class=\"elementor-element elementor-element-2e2bee5 e-flex e-con-boxed e-con e-parent\" data-id=\"2e2bee5\" data-element_type=\"container\" data-settings=\"{&quot;background_background&quot;:&quot;classic&quot;,&quot;shape_divider_top&quot;:&quot;curve&quot;}\">\n\t\t\t\t\t<div class=\"e-con-inner\">\n\t\t\t\t<div class=\"elementor-shape elementor-shape-top\" data-negative=\"false\">\n\t\t\t<svg xmlns=\"http:\/\/www.w3.org\/2000\/svg\" viewBox=\"0 0 1000 100\" preserveAspectRatio=\"none\">\n    <path class=\"elementor-shape-fill\" d=\"M1000,4.3V0H0v4.3C0.9,23.1,126.7,99.2,500,100S1000,22.7,1000,4.3z\"\/>\n<\/svg>\t\t<\/div>\n\t\t<div class=\"elementor-element elementor-element-02f04f1 e-flex e-con-boxed e-con e-child\" data-id=\"02f04f1\" data-element_type=\"container\">\n\t\t\t\t\t<div class=\"e-con-inner\">\n\t\t\t\t<div class=\"elementor-element elementor-element-dfe2efe elementor-widget__width-initial elementor-widget-tablet__width-initial elementor-widget elementor-widget-heading\" data-id=\"dfe2efe\" data-element_type=\"widget\" data-widget_type=\"heading.default\">\n\t\t\t\t<div class=\"elementor-widget-container\">\n\t\t\t\t\t<h2 class=\"elementor-heading-title elementor-size-default\">Saiu na m\u00eddia<\/h2>\t\t\t\t<\/div>\n\t\t\t\t<\/div>\n\t\t\t\t\t<\/div>\n\t\t\t\t<\/div>\n\t\t<div class=\"elementor-element elementor-element-366667d e-flex e-con-boxed e-con e-child\" data-id=\"366667d\" data-element_type=\"container\">\n\t\t\t\t\t<div class=\"e-con-inner\">\n\t\t\t\t<div class=\"elementor-element elementor-element-dc0be9c elementor-widget__width-initial elementor-widget elementor-widget-image\" data-id=\"dc0be9c\" data-element_type=\"widget\" data-widget_type=\"image.default\">\n\t\t\t\t<div class=\"elementor-widget-container\">\n\t\t\t\t\t\t\t\t\t\t\t\t\t\t\t<img fetchpriority=\"high\" decoding=\"async\" width=\"800\" height=\"388\" src=\"https:\/\/colegiomontesclaros.com.br\/wp-content\/uploads\/2024\/03\/jornal-1024x496.jpg\" class=\"attachment-large size-large wp-image-711\" alt=\"\" srcset=\"https:\/\/colegiomontesclaros.com.br\/wp-content\/uploads\/2024\/03\/jornal-1024x496.jpg 1024w, https:\/\/colegiomontesclaros.com.br\/wp-content\/uploads\/2024\/03\/jornal-300x145.jpg 300w, https:\/\/colegiomontesclaros.com.br\/wp-content\/uploads\/2024\/03\/jornal-768x372.jpg 768w, https:\/\/colegiomontesclaros.com.br\/wp-content\/uploads\/2024\/03\/jornal-1536x744.jpg 1536w, https:\/\/colegiomontesclaros.com.br\/wp-content\/uploads\/2024\/03\/jornal-2048x992.jpg 2048w\" sizes=\"(max-width: 800px) 100vw, 800px\" \/>\t\t\t\t\t\t\t\t\t\t\t\t\t\t\t<\/div>\n\t\t\t\t<\/div>\n\t\t<div class=\"elementor-element elementor-element-97cb6f2 e-con-full e-flex e-con e-child\" data-id=\"97cb6f2\" data-element_type=\"container\">\n\t\t\t\t<div class=\"elementor-element elementor-element-fdd23e6 elementor-widget__width-initial elementor-widget-mobile__width-initial elementor-widget-tablet__width-initial elementor-widget elementor-widget-text-editor\" data-id=\"fdd23e6\" data-element_type=\"widget\" data-widget_type=\"text-editor.default\">\n\t\t\t\t<div class=\"elementor-widget-container\">\n\t\t\t\t\t\t\t\t\t<p>Forma\u00e7\u00e3o de Pais: Comunica\u00e7\u00e3o Eficaz com os Filhos! \ud83d\udce3\ud83d\udc68\u200d\ud83d\udc69\u200d\ud83d\udc67\u200d\ud83d\udc66<\/p>\t\t\t\t\t\t\t\t<\/div>\n\t\t\t\t<\/div>\n\t\t\t\t<div class=\"elementor-element elementor-element-9041c8f elementor-mobile-align-left elementor-widget__width-initial elementor-widget-tablet__width-initial elementor-widget-mobile__width-initial elementor-widget elementor-widget-button\" data-id=\"9041c8f\" data-element_type=\"widget\" data-widget_type=\"button.default\">\n\t\t\t\t<div class=\"elementor-widget-container\">\n\t\t\t\t\t\t\t\t\t<div class=\"elementor-button-wrapper\">\n\t\t\t\t\t<a class=\"elementor-button elementor-button-link elementor-size-lg\" href=\"https:\/\/minasaonorte.com.br\/comunicacao-eficaz-com-os-filhos-reune-pais-do-colegio-montes-claros\/\" target=\"_blank\">\n\t\t\t\t\t\t<span class=\"elementor-button-content-wrapper\">\n\t\t\t\t\t\t\t\t\t<span class=\"elementor-button-text\">Ver not\u00edcia completa<\/span>\n\t\t\t\t\t<\/span>\n\t\t\t\t\t<\/a>\n\t\t\t\t<\/div>\n\t\t\t\t\t\t\t\t<\/div>\n\t\t\t\t<\/div>\n\t\t\t\t<\/div>\n\t\t\t\t<div class=\"elementor-element elementor-element-bfb2c22 elementor-widget elementor-widget-text-editor\" data-id=\"bfb2c22\" data-element_type=\"widget\" data-widget_type=\"text-editor.default\">\n\t\t\t\t<div class=\"elementor-widget-container\">\n\t\t\t\t\t\t\t\t\t<p>Estamos muito empolgados em anunciar a pr\u00f3xima forma\u00e7\u00e3o de pais do Col\u00e9gio Montes Claros, liderada pela nossa diretora, Maria Fernanda Scarcella.<\/p><p>Desta vez, vamos abordar um tema fundamental: &#8220;Comunica\u00e7\u00e3o Eficaz com os Filhos&#8221;. \ud83d\udce2\ud83d\udcac<\/p><p>Entendemos que ser um modelo claro e seguro para nossas crian\u00e7as \u00e9 essencial. Vamos explorar juntos como desenvolver uma comunica\u00e7\u00e3o que seja firme e acolhedora ao mesmo tempo.<\/p><p>A obedi\u00eancia \u00e9 uma virtude importante no processo de educa\u00e7\u00e3o, e \u00e9 por isso que queremos compartilhar estrat\u00e9gias para ajudar os pais a conquistarem e desenvolverem sua autoridade, proporcionando uma base s\u00f3lida para a forma\u00e7\u00e3o de seus filhos. \ud83c\udf31\ud83d\udc96<\/p><p>Vamos discutir os desafios comuns que os pais enfrentam ao tentar encontrar o equil\u00edbrio perfeito entre carinho e firmeza, construindo uma rela\u00e7\u00e3o baseada no respeito e na confian\u00e7a.<\/p><p>Quer se preparar para educar seus filhos e participar de eventos como esse?<\/p><p>Matricule o seu filho no Col\u00e9gio Montes Claros e fa\u00e7a parte dessa jornada de aprendizado e crescimento!<\/p><p>O evento contou com a presen\u00e7a dos maiores especialistas em educa\u00e7\u00e3o e fam\u00edlia, sendo eles: Marcelo Zanette, Administrador do Col\u00e9gio Monte Alto e idealizador da mentoria \u201cComo tirar o col\u00e9gio do papel\u201d, junto com Italo Marsili; Jo\u00e3o Malheiro, doutor em Educa\u00e7\u00e3o pela UFRJ e Diretor do Col\u00e9gio Porto Real (RJ); Angela Gandra, doutora em Direito pela UFRS, membro da Academia Brasileira de Filosofia, membro da Academia Paulista de Letras Jur\u00eddicas e ex- Secret\u00e1ria Nacional da Fam\u00edlia do Minist\u00e9rio da Mulher, Fam\u00edlia e Direitos Humanos; Juliano Campana, mestre em Administra\u00e7\u00e3o pela UFES e fundador da Escola Am\u00e9rica de Vit\u00f3ria (ES); Mariana Campana, pedagoga, especialista em educa\u00e7\u00e3o infantil, educa\u00e7\u00e3o especial e educa\u00e7\u00e3o na primeira inf\u00e2ncia; Virg\u00ednia Aro, Advogada e Diretora do Col\u00e9gio Alta Vista \u2013 BH; e Michele Mafia, m\u00e9dica e terapeuta, especialista em orienta\u00e7\u00e3o familiar pelo Instituto Brasileiro de Fam\u00edlia e certificada Italo Marsili (CIM).<\/p><p>O Congresso foi pensado especialmente para a popula\u00e7\u00e3o de Montes Claros, que estava sedenta por uma forma\u00e7\u00e3o acad\u00eamica de excel\u00eancia para seus filhos e\/ou alunos e, principalmente, uma forma\u00e7\u00e3o moral pautada em virtudes e valores s\u00f3lidos.<\/p><p>Foi um momento \u00fanico de conhecer sobre a Educa\u00e7\u00e3o Personalizada e sobre como se educar em virtudes e proporcionar o melhor para o desenvolvimento dos filhos e alunos.<\/p>\t\t\t\t\t\t\t\t<\/div>\n\t\t\t\t<\/div>\n\t\t\t\t\t<\/div>\n\t\t\t\t<\/div>\n\t\t\t\t\t<\/div>\n\t\t\t\t<\/div>\n\t\t\t\t<\/div>\n\t\t","protected":false},"excerpt":{"rendered":"<p>Saiu na m\u00eddia Forma\u00e7\u00e3o de Pais: Comunica\u00e7\u00e3o Eficaz com os Filhos! \ud83d\udce3\ud83d\udc68\u200d\ud83d\udc69\u200d\ud83d\udc67\u200d\ud83d\udc66 Ver not\u00edcia completa Estamos muito empolgados em anunciar a pr\u00f3xima forma\u00e7\u00e3o de pais do Col\u00e9gio Montes Claros, liderada pela nossa diretora, Maria Fernanda Scarcella. Desta vez, vamos abordar um tema fundamental: &#8220;Comunica\u00e7\u00e3o Eficaz com os Filhos&#8221;. \ud83d\udce2\ud83d\udcac Entendemos que ser um modelo claro [&hellip;]<\/p>\n","protected":false},"author":1,"featured_media":0,"parent":0,"menu_order":0,"comment_status":"closed","ping_status":"closed","template":"","meta":{"footnotes":""},"aioseo_notices":[],"_links":{"self":[{"href":"https:\/\/colegiomontesclaros.com.br\/index.php\/wp-json\/wp\/v2\/pages\/704"}],"collection":[{"href":"https:\/\/colegiomontesclaros.com.br\/index.php\/wp-json\/wp\/v2\/pages"}],"about":[{"href":"https:\/\/colegiomontesclaros.com.br\/index.php\/wp-json\/wp\/v2\/types\/page"}],"author":[{"embeddable":true,"href":"https:\/\/colegiomontesclaros.com.br\/index.php\/wp-json\/wp\/v2\/users\/1"}],"replies":[{"embeddable":true,"href":"https:\/\/colegiomontesclaros.com.br\/index.php\/wp-json\/wp\/v2\/comments?post=704"}],"version-history":[{"count":34,"href":"https:\/\/colegiomontesclaros.com.br\/index.php\/wp-json\/wp\/v2\/pages\/704\/revisions"}],"predecessor-version":[{"id":744,"href":"https:\/\/colegiomontesclaros.com.br\/index.php\/wp-json\/wp\/v2\/pages\/704\/revisions\/744"}],"wp:attachment":[{"href":"https:\/\/colegiomontesclaros.com.br\/index.php\/wp-json\/wp\/v2\/media?parent=704"}],"curies":[{"name":"wp","href":"https:\/\/api.w.org\/{rel}","templated":true}]}}