{"id":352,"date":"2023-11-19T14:10:36","date_gmt":"2023-11-19T17:10:36","guid":{"rendered":"https:\/\/colegiomontesclaros.com.br\/?page_id=352"},"modified":"2023-12-12T21:47:40","modified_gmt":"2023-12-13T00:47:40","slug":"diferenciais","status":"publish","type":"page","link":"https:\/\/colegiomontesclaros.com.br\/index.php\/diferenciais\/","title":{"rendered":"Diferenciais"},"content":{"rendered":"\t\t<div data-elementor-type=\"wp-page\" data-elementor-id=\"352\" class=\"elementor elementor-352\" data-elementor-post-type=\"page\">\n\t\t\t\t<div class=\"elementor-element elementor-element-2c86e25 e-flex e-con-boxed e-con e-parent\" data-id=\"2c86e25\" data-element_type=\"container\" data-settings=\"{&quot;background_background&quot;:&quot;classic&quot;,&quot;shape_divider_top&quot;:&quot;curve&quot;,&quot;shape_divider_top_negative&quot;:&quot;yes&quot;,&quot;shape_divider_bottom&quot;:&quot;curve&quot;,&quot;shape_divider_bottom_negative&quot;:&quot;yes&quot;}\">\n\t\t\t\t\t<div class=\"e-con-inner\">\n\t\t\t\t<div class=\"elementor-shape elementor-shape-top\" data-negative=\"true\">\n\t\t\t<svg xmlns=\"http:\/\/www.w3.org\/2000\/svg\" viewBox=\"0 0 1000 100\" preserveAspectRatio=\"none\">\n\t<path class=\"elementor-shape-fill\" d=\"M500,97C126.7,96.3,0.8,19.8,0,0v100l1000,0V1C1000,19.4,873.3,97.8,500,97z\"\/>\n<\/svg>\t\t<\/div>\n\t\t\t\t<div class=\"elementor-shape elementor-shape-bottom\" data-negative=\"true\">\n\t\t\t<svg xmlns=\"http:\/\/www.w3.org\/2000\/svg\" viewBox=\"0 0 1000 100\" preserveAspectRatio=\"none\">\n\t<path class=\"elementor-shape-fill\" d=\"M500,97C126.7,96.3,0.8,19.8,0,0v100l1000,0V1C1000,19.4,873.3,97.8,500,97z\"\/>\n<\/svg>\t\t<\/div>\n\t\t<div class=\"elementor-element elementor-element-eac2b17 e-flex e-con-boxed e-con e-child\" data-id=\"eac2b17\" data-element_type=\"container\">\n\t\t\t\t\t<div class=\"e-con-inner\">\n\t\t\t\t<div class=\"elementor-element elementor-element-affb06d elementor-widget__width-initial elementor-widget-mobile__width-initial elementor-widget elementor-widget-heading\" data-id=\"affb06d\" data-element_type=\"widget\" data-widget_type=\"heading.default\">\n\t\t\t\t<div class=\"elementor-widget-container\">\n\t\t\t\t\t<h2 class=\"elementor-heading-title elementor-size-default\">Nossos\nDiferenciais<\/h2>\t\t\t\t<\/div>\n\t\t\t\t<\/div>\n\t\t\t\t\t<\/div>\n\t\t\t\t<\/div>\n\t\t<div class=\"elementor-element elementor-element-30bb0ed e-flex e-con-boxed e-con e-child\" data-id=\"30bb0ed\" data-element_type=\"container\">\n\t\t\t\t\t<div class=\"e-con-inner\">\n\t\t\t\t<div class=\"elementor-element elementor-element-2dcaad7 elementor-widget__width-initial elementor-widget elementor-widget-heading\" data-id=\"2dcaad7\" data-element_type=\"widget\" data-widget_type=\"heading.default\">\n\t\t\t\t<div class=\"elementor-widget-container\">\n\t\t\t\t\t<h2 class=\"elementor-heading-title elementor-size-default\">Educa\u00e7\u00e3o Infantil<\/h2>\t\t\t\t<\/div>\n\t\t\t\t<\/div>\n\t\t\t\t<div class=\"elementor-element elementor-element-9c1672d elementor-widget elementor-widget-text-editor\" data-id=\"9c1672d\" data-element_type=\"widget\" data-widget_type=\"text-editor.default\">\n\t\t\t\t<div class=\"elementor-widget-container\">\n\t\t\t\t\t\t\t\t\t<p>Entre os objetivos da educa\u00e7\u00e3o personalizada na educa\u00e7\u00e3o infantil, no Col\u00e9gio Montes Claros, destacam-se:<\/p><p>\u00a0<\/p><ul><li>Estimular o desenvolvimento cognitivo por meio de atividades l\u00fadicas e desafiadoras, que permitam a explora\u00e7\u00e3o e descoberta de novos conhecimentos;<\/li><li>Promover o desenvolvimento afetivo por meio do estabelecimento de v\u00ednculos afetivos entre crian\u00e7as e professores, permitindo a constru\u00e7\u00e3o de uma autoimagem positiva e a promo\u00e7\u00e3o de uma conviv\u00eancia harmoniosa;<\/li><li>Estimular o desenvolvimento social por meio da promo\u00e7\u00e3o de atividades que permitam a intera\u00e7\u00e3o entre as crian\u00e7as, o desenvolvimento da empatia e a constru\u00e7\u00e3o de valores como a solidariedade e o respeito ao pr\u00f3ximo;<\/li><li>Desenvolver habilidades motoras por meio da promo\u00e7\u00e3o de atividades que estimulem a coordena\u00e7\u00e3o motora e a consci\u00eancia corporal, favorecendo a express\u00e3o e comunica\u00e7\u00e3o por meio do corpo.<\/li><li>Estimular a criatividade por meio da promo\u00e7\u00e3o de atividades art\u00edsticas e culturais, que permitam o desenvolvimento da imagina\u00e7\u00e3o e da express\u00e3o pessoal.<\/li><li>Desenvolver a autonomia e exerc\u00edcio da liberdade. A autonomia confere peculiar dignidade segundo a qual o homem se sente sujeito. A express\u00e3o m\u00e1xima da autonomia humana, precisamente \u00e0 qual faz refer\u00eancia seu significado etimol\u00f3gico, \u00e9 a capacidade de governo de si mesmo, a capacidade de ser lei de si mesmo, al\u00e9m da posse e o uso efetivo da liberdade.<\/li><li>Alcan\u00e7ar a e qualidade m\u00e1xima da educa\u00e7\u00e3o, descobrindo e desenvolvendo o que, em uma express\u00e3o cl\u00e1ssica, pode-se chamar de excel\u00eancia pessoal. A mais fina tarefa pedag\u00f3gica consiste em precisamente descobrir essa excel\u00eancia pessoal peculiar daquele a quem se quer educar e ajud\u00e1-lo a perseguir seus objetivos individuais e comunicar seus talentos ao mundo.<\/li><li>Promover um ambiente de aprendizagem que respeite a singularidade de cada crian\u00e7a, incentivando sua autonomia e criatividade, e contribuindo para a forma\u00e7\u00e3o de cidad\u00e3os conscientes, respons\u00e1veis e comprometidos com o bem-estar social.<\/li><\/ul>\t\t\t\t\t\t\t\t<\/div>\n\t\t\t\t<\/div>\n\t\t\t\t\t<\/div>\n\t\t\t\t<\/div>\n\t\t\t\t\t<\/div>\n\t\t\t\t<\/div>\n\t\t<div class=\"elementor-element elementor-element-11d4e28 e-flex e-con-boxed e-con e-parent\" data-id=\"11d4e28\" data-element_type=\"container\" data-settings=\"{&quot;background_background&quot;:&quot;classic&quot;,&quot;shape_divider_top&quot;:&quot;curve&quot;,&quot;shape_divider_top_negative&quot;:&quot;yes&quot;,&quot;shape_divider_bottom&quot;:&quot;curve&quot;,&quot;shape_divider_bottom_negative&quot;:&quot;yes&quot;}\">\n\t\t\t\t\t<div class=\"e-con-inner\">\n\t\t\t\t<div class=\"elementor-shape elementor-shape-top\" data-negative=\"true\">\n\t\t\t<svg xmlns=\"http:\/\/www.w3.org\/2000\/svg\" viewBox=\"0 0 1000 100\" preserveAspectRatio=\"none\">\n\t<path class=\"elementor-shape-fill\" d=\"M500,97C126.7,96.3,0.8,19.8,0,0v100l1000,0V1C1000,19.4,873.3,97.8,500,97z\"\/>\n<\/svg>\t\t<\/div>\n\t\t\t\t<div class=\"elementor-shape elementor-shape-bottom\" data-negative=\"true\">\n\t\t\t<svg xmlns=\"http:\/\/www.w3.org\/2000\/svg\" viewBox=\"0 0 1000 100\" preserveAspectRatio=\"none\">\n\t<path class=\"elementor-shape-fill\" d=\"M500,97C126.7,96.3,0.8,19.8,0,0v100l1000,0V1C1000,19.4,873.3,97.8,500,97z\"\/>\n<\/svg>\t\t<\/div>\n\t\t<div class=\"elementor-element elementor-element-db78b43 e-flex e-con-boxed e-con e-child\" data-id=\"db78b43\" data-element_type=\"container\">\n\t\t\t\t\t<div class=\"e-con-inner\">\n\t\t\t\t<div class=\"elementor-element elementor-element-2a1b4ca elementor-widget__width-initial elementor-widget elementor-widget-heading\" data-id=\"2a1b4ca\" data-element_type=\"widget\" data-widget_type=\"heading.default\">\n\t\t\t\t<div class=\"elementor-widget-container\">\n\t\t\t\t\t<h2 class=\"elementor-heading-title elementor-size-default\">Rotina de Atividades<\/h2>\t\t\t\t<\/div>\n\t\t\t\t<\/div>\n\t\t\t\t<div class=\"elementor-element elementor-element-c65bde6 elementor-widget elementor-widget-text-editor\" data-id=\"c65bde6\" data-element_type=\"widget\" data-widget_type=\"text-editor.default\">\n\t\t\t\t<div class=\"elementor-widget-container\">\n\t\t\t\t\t\t\t\t\t<p>O cotidiano nas turmas de Educa\u00e7\u00e3o Infantil \u00e9 din\u00e2mico; por\u00e9m, determinadas a\u00e7\u00f5es acontecem diariamente \u2013 as atividades de rotina \u2013 e todas as outras atividades variam de acordo com os dias da semana, repetindo-se semanalmente.<\/p><p>As atividades de rotina aparecem como base para constru\u00e7\u00e3o de h\u00e1bitos b\u00e1sicos essenciais \u00e0 forma\u00e7\u00e3o humana: sono, higiene, alimenta\u00e7\u00e3o e ordem. Uma vez consolidados esses h\u00e1bitos, todos os demais se desenvolvem a partir deles. A ordem dos acontecimentos, orientando a sequ\u00eancia das atividades no dia, oferece \u00e0s crian\u00e7as a constru\u00e7\u00e3o temporal, o fortalecimento da vontade e a sensa\u00e7\u00e3o de seguran\u00e7a pela previsibilidade, pois est\u00e3o inteirados dos acontecimentos.<\/p><p>O estabelecimento de uma rotina orienta os professores para melhor planejamento das aulas, projetos, administra\u00e7\u00e3o de materiais e recursos, al\u00e9m de facilitar a condu\u00e7\u00e3o das crian\u00e7as que tendem a ficar menos irritadas e desorganizadas. Para a fam\u00edlia, a rotina escolar se torna um complemento da rotina familiar, o que permite aos pais organizarem corretamente o material dos filhos e planejar estrat\u00e9gias para o bom andamento da unidade de vida das crian\u00e7as.<\/p><p>A a\u00e7\u00e3o pedag\u00f3gica leva em conta, para cria\u00e7\u00e3o da rotina, aspectos essenciais para forma\u00e7\u00e3o, somadas a quest\u00f5es biol\u00f3gicas, como libera\u00e7\u00e3o de horm\u00f4nios, influ\u00eancias no sono e desenvolvimento cerebral, melhores hor\u00e1rios para as alimenta\u00e7\u00f5es principais e para os lanches, bem como o rendimento disciplinar em cada conte\u00fado ofertado. O professor da educa\u00e7\u00e3o infantil deve ter claro quais atividades s\u00e3o permanentes e quais dever\u00e3o ser espec\u00edficas e definidas, levando tamb\u00e9m em considera\u00e7\u00e3o as experi\u00eancias l\u00fadicas, gratificantes e divertidas; os conte\u00fados conceituais, procedimentais e comportamentais, congruentes com a educa\u00e7\u00e3o em valores.<\/p>\t\t\t\t\t\t\t\t<\/div>\n\t\t\t\t<\/div>\n\t\t\t\t\t<\/div>\n\t\t\t\t<\/div>\n\t\t\t\t\t<\/div>\n\t\t\t\t<\/div>\n\t\t<div class=\"elementor-element elementor-element-8af28e8 e-flex e-con-boxed e-con e-parent\" data-id=\"8af28e8\" data-element_type=\"container\" data-settings=\"{&quot;background_background&quot;:&quot;classic&quot;,&quot;shape_divider_top&quot;:&quot;curve&quot;,&quot;shape_divider_top_negative&quot;:&quot;yes&quot;,&quot;shape_divider_bottom&quot;:&quot;curve&quot;,&quot;shape_divider_bottom_negative&quot;:&quot;yes&quot;}\">\n\t\t\t\t\t<div class=\"e-con-inner\">\n\t\t\t\t<div class=\"elementor-shape elementor-shape-top\" data-negative=\"true\">\n\t\t\t<svg xmlns=\"http:\/\/www.w3.org\/2000\/svg\" viewBox=\"0 0 1000 100\" preserveAspectRatio=\"none\">\n\t<path class=\"elementor-shape-fill\" d=\"M500,97C126.7,96.3,0.8,19.8,0,0v100l1000,0V1C1000,19.4,873.3,97.8,500,97z\"\/>\n<\/svg>\t\t<\/div>\n\t\t\t\t<div class=\"elementor-shape elementor-shape-bottom\" data-negative=\"true\">\n\t\t\t<svg xmlns=\"http:\/\/www.w3.org\/2000\/svg\" viewBox=\"0 0 1000 100\" preserveAspectRatio=\"none\">\n\t<path class=\"elementor-shape-fill\" d=\"M500,97C126.7,96.3,0.8,19.8,0,0v100l1000,0V1C1000,19.4,873.3,97.8,500,97z\"\/>\n<\/svg>\t\t<\/div>\n\t\t<div class=\"elementor-element elementor-element-43e58bb e-flex e-con-boxed e-con e-child\" data-id=\"43e58bb\" data-element_type=\"container\">\n\t\t\t\t\t<div class=\"e-con-inner\">\n\t\t\t\t<div class=\"elementor-element elementor-element-d1d5e23 elementor-widget__width-initial elementor-widget elementor-widget-heading\" data-id=\"d1d5e23\" data-element_type=\"widget\" data-widget_type=\"heading.default\">\n\t\t\t\t<div class=\"elementor-widget-container\">\n\t\t\t\t\t<h2 class=\"elementor-heading-title elementor-size-default\">Aulas Especiais<\/h2>\t\t\t\t<\/div>\n\t\t\t\t<\/div>\n\t\t<div class=\"elementor-element elementor-element-9d3f741 e-flex e-con-boxed e-con e-child\" data-id=\"9d3f741\" data-element_type=\"container\">\n\t\t\t\t\t<div class=\"e-con-inner\">\n\t\t\t\t<div class=\"elementor-element elementor-element-63b76bc elementor-widget__width-initial elementor-widget-mobile__width-initial elementor-widget elementor-widget-image\" data-id=\"63b76bc\" data-element_type=\"widget\" data-widget_type=\"image.default\">\n\t\t\t\t<div class=\"elementor-widget-container\">\n\t\t\t\t\t\t\t\t\t\t\t\t\t\t\t<img fetchpriority=\"high\" decoding=\"async\" width=\"626\" height=\"891\" src=\"https:\/\/colegiomontesclaros.com.br\/wp-content\/uploads\/2023\/11\/menina-1.png\" class=\"attachment-large size-large wp-image-607\" alt=\"\" srcset=\"https:\/\/colegiomontesclaros.com.br\/wp-content\/uploads\/2023\/11\/menina-1.png 626w, https:\/\/colegiomontesclaros.com.br\/wp-content\/uploads\/2023\/11\/menina-1-211x300.png 211w\" sizes=\"(max-width: 626px) 100vw, 626px\" \/>\t\t\t\t\t\t\t\t\t\t\t\t\t\t\t<\/div>\n\t\t\t\t<\/div>\n\t\t\t\t<div class=\"elementor-element elementor-element-23a7456 elementor-widget__width-initial elementor-widget-tablet__width-initial elementor-widget elementor-widget-text-editor\" data-id=\"23a7456\" data-element_type=\"widget\" data-widget_type=\"text-editor.default\">\n\t\t\t\t<div class=\"elementor-widget-container\">\n\t\t\t\t\t\t\t\t\t<ul><li>Ingl\u00eas todos os dias;<\/li><li>Matem\u00e1tica divertida;<\/li><\/ul><ul><li>Psicomotricidade 3 vezes por semana;<\/li><li>Preceptorias trimestrais;<\/li><li>Forma\u00e7\u00e3o mensal de pais;<\/li><li>Forma\u00e7\u00e3o semanal de professores e auxiliares.<\/li><li>M\u00e9todo F\u00f4nico<\/li><li>Aulas de M\u00fasica<\/li><li>Ensino Religioso<\/li><\/ul>\t\t\t\t\t\t\t\t<\/div>\n\t\t\t\t<\/div>\n\t\t\t\t\t<\/div>\n\t\t\t\t<\/div>\n\t\t\t\t\t<\/div>\n\t\t\t\t<\/div>\n\t\t\t\t\t<\/div>\n\t\t\t\t<\/div>\n\t\t<div class=\"elementor-element elementor-element-4ed68be e-flex e-con-boxed e-con e-parent\" data-id=\"4ed68be\" data-element_type=\"container\" data-settings=\"{&quot;background_background&quot;:&quot;classic&quot;,&quot;shape_divider_top&quot;:&quot;curve&quot;,&quot;shape_divider_top_negative&quot;:&quot;yes&quot;,&quot;shape_divider_bottom&quot;:&quot;curve&quot;,&quot;shape_divider_bottom_negative&quot;:&quot;yes&quot;}\">\n\t\t\t\t\t<div class=\"e-con-inner\">\n\t\t\t\t<div class=\"elementor-shape elementor-shape-top\" data-negative=\"true\">\n\t\t\t<svg xmlns=\"http:\/\/www.w3.org\/2000\/svg\" viewBox=\"0 0 1000 100\" preserveAspectRatio=\"none\">\n\t<path class=\"elementor-shape-fill\" d=\"M500,97C126.7,96.3,0.8,19.8,0,0v100l1000,0V1C1000,19.4,873.3,97.8,500,97z\"\/>\n<\/svg>\t\t<\/div>\n\t\t\t\t<div class=\"elementor-shape elementor-shape-bottom\" data-negative=\"true\">\n\t\t\t<svg xmlns=\"http:\/\/www.w3.org\/2000\/svg\" viewBox=\"0 0 1000 100\" preserveAspectRatio=\"none\">\n\t<path class=\"elementor-shape-fill\" d=\"M500,97C126.7,96.3,0.8,19.8,0,0v100l1000,0V1C1000,19.4,873.3,97.8,500,97z\"\/>\n<\/svg>\t\t<\/div>\n\t\t<div class=\"elementor-element elementor-element-8eed86f e-flex e-con-boxed e-con e-child\" data-id=\"8eed86f\" data-element_type=\"container\">\n\t\t\t\t\t<div class=\"e-con-inner\">\n\t\t\t\t<div class=\"elementor-element elementor-element-a8b2ded elementor-widget__width-initial elementor-widget elementor-widget-heading\" data-id=\"a8b2ded\" data-element_type=\"widget\" data-widget_type=\"heading.default\">\n\t\t\t\t<div class=\"elementor-widget-container\">\n\t\t\t\t\t<h2 class=\"elementor-heading-title elementor-size-default\">Preceptoria<\/h2>\t\t\t\t<\/div>\n\t\t\t\t<\/div>\n\t\t\t\t<div class=\"elementor-element elementor-element-176a086 elementor-widget elementor-widget-text-editor\" data-id=\"176a086\" data-element_type=\"widget\" data-widget_type=\"text-editor.default\">\n\t\t\t\t<div class=\"elementor-widget-container\">\n\t\t\t\t\t\t\t\t\t<p>A Educa\u00e7\u00e3o Personalizada ser\u00e1 estruturada a partir de uma abordagem colaborativa, onde diversos profissionais compartilham a responsabilidade de prestar apoio individualizado aos estudantes.<\/p>\n<p>Para que a filosofia seja aplicada de forma satisfat\u00f3ria, os profissionais devem ter uma compreens\u00e3o profunda das caracter\u00edsticas e necessidades dos alunos, al\u00e9m de habilidades pedag\u00f3gicas avan\u00e7adas para adaptar o ensino e fornecer suporte personalizado. A colabora\u00e7\u00e3o e a comunica\u00e7\u00e3o entre os preceptores, professores e demais profissionais envolvidos s\u00e3o fundamentais para garantir a qualidade.<\/p>\n<p>A preceptoria desempenha um papel significativo na implementa\u00e7\u00e3o da educa\u00e7\u00e3o personalizada. \u00c9 um conceito que envolve o acompanhamento pr\u00f3ximo e orienta\u00e7\u00e3o individualizada de alunos por profissionais experientes, como professores e tutores, desempenhando um papel crucial ao fornecer suporte personalizado aos estudantes, visando aprimorar sua aprendizagem e promover seu desenvolvimento acad\u00eamico e pessoal.<\/p>\n<p>Seu objetivo principal \u00e9 conhecer as necessidades, habilidades e interesses individuais de cada aluno, por meio de uma rela\u00e7\u00e3o de proximidade e confian\u00e7a entre o preceptor e o aluno, estabelecendo uma compreens\u00e3o profunda de suas caracter\u00edsticas individuais, permitindo que o preceptor adapte o ensino \u00e0s suas necessidades espec\u00edficas.<\/p>\n<p>Um preceptor na educa\u00e7\u00e3o personalizada atua como um facilitador, auxiliando os alunos a definirem metas de aprendizagem personalizadas, identificando recursos e estrat\u00e9gias adequados. Desempenha tamb\u00e9m um papel de guia, direcionando os alunos para fontes de conhecimento relevantes, incentivando a autonomia e a responsabilidade pelo pr\u00f3prio aprendizado.<\/p>\n<p>A preceptoria tamb\u00e9m abrange o desenvolvimento de um plano educacional individualizado para cada aluno. Esse plano considera as necessidades, interesses e objetivos espec\u00edficos de aprendizagem de cada estudante, oferecendo um caminho pr\u00f3prio para o seu desenvolvimento.<\/p>\t\t\t\t\t\t\t\t<\/div>\n\t\t\t\t<\/div>\n\t\t\t\t\t<\/div>\n\t\t\t\t<\/div>\n\t\t\t\t\t<\/div>\n\t\t\t\t<\/div>\n\t\t\t\t<\/div>\n\t\t","protected":false},"excerpt":{"rendered":"<p>Nossos Diferenciais Educa\u00e7\u00e3o Infantil Entre os objetivos da educa\u00e7\u00e3o personalizada na educa\u00e7\u00e3o infantil, no Col\u00e9gio Montes Claros, destacam-se: \u00a0 Estimular o desenvolvimento cognitivo por meio de atividades l\u00fadicas e desafiadoras, que permitam a explora\u00e7\u00e3o e descoberta de novos conhecimentos; Promover o desenvolvimento afetivo por meio do estabelecimento de v\u00ednculos afetivos entre crian\u00e7as e professores, permitindo [&hellip;]<\/p>\n","protected":false},"author":1,"featured_media":0,"parent":0,"menu_order":0,"comment_status":"closed","ping_status":"closed","template":"","meta":{"footnotes":""},"aioseo_notices":[],"_links":{"self":[{"href":"https:\/\/colegiomontesclaros.com.br\/index.php\/wp-json\/wp\/v2\/pages\/352"}],"collection":[{"href":"https:\/\/colegiomontesclaros.com.br\/index.php\/wp-json\/wp\/v2\/pages"}],"about":[{"href":"https:\/\/colegiomontesclaros.com.br\/index.php\/wp-json\/wp\/v2\/types\/page"}],"author":[{"embeddable":true,"href":"https:\/\/colegiomontesclaros.com.br\/index.php\/wp-json\/wp\/v2\/users\/1"}],"replies":[{"embeddable":true,"href":"https:\/\/colegiomontesclaros.com.br\/index.php\/wp-json\/wp\/v2\/comments?post=352"}],"version-history":[{"count":49,"href":"https:\/\/colegiomontesclaros.com.br\/index.php\/wp-json\/wp\/v2\/pages\/352\/revisions"}],"predecessor-version":[{"id":637,"href":"https:\/\/colegiomontesclaros.com.br\/index.php\/wp-json\/wp\/v2\/pages\/352\/revisions\/637"}],"wp:attachment":[{"href":"https:\/\/colegiomontesclaros.com.br\/index.php\/wp-json\/wp\/v2\/media?parent=352"}],"curies":[{"name":"wp","href":"https:\/\/api.w.org\/{rel}","templated":true}]}}