{"id":30,"date":"2023-11-18T13:52:40","date_gmt":"2023-11-18T16:52:40","guid":{"rendered":"https:\/\/colegiomontesclaros.com.br\/?page_id=30"},"modified":"2024-03-11T10:53:49","modified_gmt":"2024-03-11T13:53:49","slug":"eventos","status":"publish","type":"page","link":"https:\/\/colegiomontesclaros.com.br\/index.php\/eventos\/","title":{"rendered":"Eventos"},"content":{"rendered":"\t\t<div data-elementor-type=\"wp-page\" data-elementor-id=\"30\" class=\"elementor elementor-30\" data-elementor-post-type=\"page\">\n\t\t\t\t<div class=\"elementor-element elementor-element-ca22d76 e-flex e-con-boxed e-con e-parent\" data-id=\"ca22d76\" data-element_type=\"container\" data-settings=\"{&quot;background_background&quot;:&quot;classic&quot;,&quot;shape_divider_top&quot;:&quot;curve&quot;}\">\n\t\t\t\t\t<div class=\"e-con-inner\">\n\t\t\t\t<div class=\"elementor-shape elementor-shape-top\" data-negative=\"false\">\n\t\t\t<svg xmlns=\"http:\/\/www.w3.org\/2000\/svg\" viewBox=\"0 0 1000 100\" preserveAspectRatio=\"none\">\n    <path class=\"elementor-shape-fill\" d=\"M1000,4.3V0H0v4.3C0.9,23.1,126.7,99.2,500,100S1000,22.7,1000,4.3z\"\/>\n<\/svg>\t\t<\/div>\n\t\t<div class=\"elementor-element elementor-element-7ad4601 e-flex e-con-boxed e-con e-child\" data-id=\"7ad4601\" data-element_type=\"container\">\n\t\t\t\t\t<div class=\"e-con-inner\">\n\t\t\t\t<div class=\"elementor-element elementor-element-f01e568 elementor-widget__width-initial elementor-widget-mobile__width-initial elementor-widget elementor-widget-heading\" data-id=\"f01e568\" data-element_type=\"widget\" data-widget_type=\"heading.default\">\n\t\t\t\t<div class=\"elementor-widget-container\">\n\t\t\t\t\t<h2 class=\"elementor-heading-title elementor-size-default\">Eventos<\/h2>\t\t\t\t<\/div>\n\t\t\t\t<\/div>\n\t\t\t\t\t<\/div>\n\t\t\t\t<\/div>\n\t\t<div class=\"elementor-element elementor-element-bbeace0 e-flex e-con-boxed e-con e-child\" data-id=\"bbeace0\" data-element_type=\"container\">\n\t\t\t\t\t<div class=\"e-con-inner\">\n\t\t<div class=\"elementor-element elementor-element-47e69f4 e-con-full e-flex e-con e-child\" data-id=\"47e69f4\" data-element_type=\"container\">\n\t\t<div class=\"elementor-element elementor-element-fc836d0 e-con-full e-flex e-con e-child\" data-id=\"fc836d0\" data-element_type=\"container\">\n\t\t\t\t<div class=\"elementor-element elementor-element-93a38c7 elementor-widget elementor-widget-image\" data-id=\"93a38c7\" data-element_type=\"widget\" data-widget_type=\"image.default\">\n\t\t\t\t<div class=\"elementor-widget-container\">\n\t\t\t\t\t\t\t\t\t\t\t\t\t\t\t<img fetchpriority=\"high\" decoding=\"async\" width=\"800\" height=\"800\" src=\"https:\/\/colegiomontesclaros.com.br\/wp-content\/uploads\/2024\/03\/WhatsApp-Image-2024-03-08-at-8.37.30-AM-1024x1024.jpeg\" class=\"attachment-large size-large wp-image-748\" alt=\"\" srcset=\"https:\/\/colegiomontesclaros.com.br\/wp-content\/uploads\/2024\/03\/WhatsApp-Image-2024-03-08-at-8.37.30-AM-1024x1024.jpeg 1024w, https:\/\/colegiomontesclaros.com.br\/wp-content\/uploads\/2024\/03\/WhatsApp-Image-2024-03-08-at-8.37.30-AM-300x300.jpeg 300w, https:\/\/colegiomontesclaros.com.br\/wp-content\/uploads\/2024\/03\/WhatsApp-Image-2024-03-08-at-8.37.30-AM-150x150.jpeg 150w, https:\/\/colegiomontesclaros.com.br\/wp-content\/uploads\/2024\/03\/WhatsApp-Image-2024-03-08-at-8.37.30-AM-768x768.jpeg 768w, https:\/\/colegiomontesclaros.com.br\/wp-content\/uploads\/2024\/03\/WhatsApp-Image-2024-03-08-at-8.37.30-AM.jpeg 1080w\" sizes=\"(max-width: 800px) 100vw, 800px\" \/>\t\t\t\t\t\t\t\t\t\t\t\t\t\t\t<\/div>\n\t\t\t\t<\/div>\n\t\t\t\t<\/div>\n\t\t<div class=\"elementor-element elementor-element-a689bdd e-con-full e-flex e-con e-child\" data-id=\"a689bdd\" data-element_type=\"container\">\n\t\t\t\t<div class=\"elementor-element elementor-element-49a1e58 elementor-widget__width-initial elementor-widget-mobile__width-initial elementor-widget-tablet__width-initial elementor-widget elementor-widget-text-editor\" data-id=\"49a1e58\" data-element_type=\"widget\" data-widget_type=\"text-editor.default\">\n\t\t\t\t<div class=\"elementor-widget-container\">\n\t\t\t\t\t\t\t\t\t<p>1\u00aa Forma\u00e7\u00e3o de Pais &#8211; Mar\u00e7o 2024<\/p>\t\t\t\t\t\t\t\t<\/div>\n\t\t\t\t<\/div>\n\t\t\t\t<\/div>\n\t\t\t\t<\/div>\n\t\t<div class=\"elementor-element elementor-element-abd5284 e-flex e-con-boxed e-con e-child\" data-id=\"abd5284\" data-element_type=\"container\">\n\t\t\t\t\t<div class=\"e-con-inner\">\n\t\t\t\t<div class=\"elementor-element elementor-element-1bc2cdd elementor-widget elementor-widget-text-editor\" data-id=\"1bc2cdd\" data-element_type=\"widget\" data-widget_type=\"text-editor.default\">\n\t\t\t\t<div class=\"elementor-widget-container\">\n\t\t\t\t\t\t\t\t\t<p>O Col\u00e9gio Montes Claros inaugurou o ciclo mensal de palestras, com o objetivo de forma\u00e7\u00e3o dos pais de seus alunos. A palestra de mar\u00e7o ser\u00e1 no pr\u00f3ximo s\u00e1bado (09\/03), \u00e0s 8h30, no espa\u00e7o de eventos do Cimams.<\/p><p>O tema escolhido para esta primeira reuni\u00e3o \u00e9 a \u201cComunica\u00e7\u00e3o eficaz com os filhos\u201d, ser\u00e1 apresentado pela diretora do Col\u00e9gio Montes Claros, Maria Fernanda Scarcella, que mostrar\u00e1 como manter um di\u00e1logo eficaz com os filhos, desenvolvendo a verdadeira autoridade.<\/p><p>\u201cConseguir que os filhos mudem de conduta e de h\u00e1bitos n\u00e3o \u00e9 um processo f\u00e1cil e menos ainda repentino, mas \u00e9 perfeitamente poss\u00edvel. O objetivo dessa primeira aula \u00e9 oferecer pontos de refer\u00eancia e apoio aos pais, onde abordaremos sobre a import\u00e2ncia da seguran\u00e7a e confian\u00e7a dos pais para a educa\u00e7\u00e3o dos seus filhos.\u201d, pontua Maria Fernanda.<\/p><p>Ainda segundo, a diretora, \u201cse os pais cumprem a sua obriga\u00e7\u00e3o de formar bem os filhos, estes percebem de forma segura e proveitosa os limites dos seus direitos, e o alcance das suas obriga\u00e7\u00f5es, nas diversas etapas da sua forma\u00e7\u00e3o e do seu crescimento, conquistando a virtude da obedi\u00eancia.\u201d<\/p><p>A Forma\u00e7\u00e3o de Pais \u00e9 parte do projeto pedag\u00f3gico de Educa\u00e7\u00e3o Personalizada do Col\u00e9gio Montes Claros e ocorrer\u00e1 mensalmente.<\/p>\t\t\t\t\t\t\t\t<\/div>\n\t\t\t\t<\/div>\n\t\t\t\t\t<\/div>\n\t\t\t\t<\/div>\n\t\t\t\t\t<\/div>\n\t\t\t\t<\/div>\n\t\t<div class=\"elementor-element elementor-element-d1469a5 e-flex e-con-boxed e-con e-child\" data-id=\"d1469a5\" data-element_type=\"container\">\n\t\t\t\t\t<div class=\"e-con-inner\">\n\t\t\t\t<div class=\"elementor-element elementor-element-aa1e973 elementor-widget-mobile__width-initial elementor--h-position-center elementor--v-position-middle elementor-arrows-position-inside elementor-pagination-position-inside elementor-widget elementor-widget-slides\" data-id=\"aa1e973\" data-element_type=\"widget\" data-settings=\"{&quot;navigation&quot;:&quot;both&quot;,&quot;autoplay&quot;:&quot;yes&quot;,&quot;pause_on_hover&quot;:&quot;yes&quot;,&quot;pause_on_interaction&quot;:&quot;yes&quot;,&quot;autoplay_speed&quot;:5000,&quot;infinite&quot;:&quot;yes&quot;,&quot;transition&quot;:&quot;slide&quot;,&quot;transition_speed&quot;:500}\" data-widget_type=\"slides.default\">\n\t\t\t\t<div class=\"elementor-widget-container\">\n\t\t\t\t\t\t\t<div class=\"elementor-swiper\">\n\t\t\t<div class=\"elementor-slides-wrapper elementor-main-swiper swiper\" dir=\"ltr\" data-animation=\"fadeInUp\">\n\t\t\t\t<div class=\"swiper-wrapper elementor-slides\">\n\t\t\t\t\t\t\t\t\t\t<div class=\"elementor-repeater-item-8cd7972 swiper-slide\"><div class=\"swiper-slide-bg\" role=\"img\"><\/div><div class=\"swiper-slide-inner\" ><div class=\"swiper-slide-contents\"><\/div><\/div><\/div><div class=\"elementor-repeater-item-4b4aec9 swiper-slide\"><div class=\"swiper-slide-bg\" role=\"img\"><\/div><div class=\"swiper-slide-inner\" ><div class=\"swiper-slide-contents\"><\/div><\/div><\/div><div class=\"elementor-repeater-item-37e8a62 swiper-slide\"><div class=\"swiper-slide-bg\" role=\"img\"><\/div><div class=\"swiper-slide-inner\" ><div class=\"swiper-slide-contents\"><\/div><\/div><\/div>\t\t\t\t<\/div>\n\t\t\t\t\t\t\t\t\t\t\t\t\t\t\t<div class=\"swiper-pagination\"><\/div>\n\t\t\t\t\t\t\t\t\t\t\t\t\t\t\t\t<div class=\"elementor-swiper-button elementor-swiper-button-prev\" role=\"button\" tabindex=\"0\">\n\t\t\t\t\t\t\t<svg aria-hidden=\"true\" class=\"e-font-icon-svg e-eicon-chevron-left\" viewBox=\"0 0 1000 1000\" xmlns=\"http:\/\/www.w3.org\/2000\/svg\"><path d=\"M646 125C629 125 613 133 604 142L308 442C296 454 292 471 292 487 292 504 296 521 308 533L604 854C617 867 629 875 646 875 663 875 679 871 692 858 704 846 713 829 713 812 713 796 708 779 692 767L438 487 692 225C700 217 708 204 708 187 708 171 704 154 692 142 675 129 663 125 646 125Z\"><\/path><\/svg>\t\t\t\t\t\t\t<span class=\"elementor-screen-only\">Previous slide<\/span>\n\t\t\t\t\t\t<\/div>\n\t\t\t\t\t\t<div class=\"elementor-swiper-button elementor-swiper-button-next\" role=\"button\" tabindex=\"0\">\n\t\t\t\t\t\t\t<svg aria-hidden=\"true\" class=\"e-font-icon-svg e-eicon-chevron-right\" viewBox=\"0 0 1000 1000\" xmlns=\"http:\/\/www.w3.org\/2000\/svg\"><path d=\"M696 533C708 521 713 504 713 487 713 471 708 454 696 446L400 146C388 133 375 125 354 125 338 125 325 129 313 142 300 154 292 171 292 187 292 204 296 221 308 233L563 492 304 771C292 783 288 800 288 817 288 833 296 850 308 863 321 871 338 875 354 875 371 875 388 867 400 854L696 533Z\"><\/path><\/svg>\t\t\t\t\t\t\t<span class=\"elementor-screen-only\">Next slide<\/span>\n\t\t\t\t\t\t<\/div>\n\t\t\t\t\t\t\t\t\t\t\t\t<\/div>\n\t\t<\/div>\n\t\t\t\t\t\t<\/div>\n\t\t\t\t<\/div>\n\t\t\t\t<div class=\"elementor-element elementor-element-6bff3e2 elementor-widget__width-initial elementor-widget-mobile__width-initial elementor-widget elementor-widget-text-editor\" data-id=\"6bff3e2\" data-element_type=\"widget\" data-widget_type=\"text-editor.default\">\n\t\t\t\t<div class=\"elementor-widget-container\">\n\t\t\t\t\t\t\t\t\t<p>1\u00ba Congresso Norte-Mineiro de Educa\u00e7\u00e3o personalizada<\/p>\t\t\t\t\t\t\t\t<\/div>\n\t\t\t\t<\/div>\n\t\t\t\t<div class=\"elementor-element elementor-element-7bfc757 elementor-widget__width-initial elementor-widget-mobile__width-initial elementor-widget elementor-widget-text-editor\" data-id=\"7bfc757\" data-element_type=\"widget\" data-widget_type=\"text-editor.default\">\n\t\t\t\t<div class=\"elementor-widget-container\">\n\t\t\t\t\t\t\t\t\t<p>19 de agosto 2023<\/p>\t\t\t\t\t\t\t\t<\/div>\n\t\t\t\t<\/div>\n\t\t\t\t<div class=\"elementor-element elementor-element-81d7ad2 elementor-widget elementor-widget-text-editor\" data-id=\"81d7ad2\" data-element_type=\"widget\" data-widget_type=\"text-editor.default\">\n\t\t\t\t<div class=\"elementor-widget-container\">\n\t\t\t\t\t\t\t\t\t<p>No dia 19 de agosto de 2023, Montes Claros foi palco de um evento que iniciou a transforma\u00e7\u00e3o do ensino na nossa regi\u00e3o. O I Congresso Norte-Mineiro de Educa\u00e7\u00e3o Personalizado trouxe para Montes Claros o m\u00e9todo educacional que \u00e9 sucesso na Europa h\u00e1 mais de 60 anos. A educa\u00e7\u00e3o personalizada \u00e9 um modelo proposto pelo pedagogo espanhol Victor Garcia Hoz, que entende que cada pessoa \u00e9 \u00fanica, com suas prefer\u00eancias, ritmos e interesses. Por essa raz\u00e3o, os professores s\u00e3o formados para compreenderem o que \u00e9 o ser humano em sua ess\u00eancia e capacitados para auxiliarem as crian\u00e7as a desenvolverem suas aptid\u00f5es, conquistarem virtudes, reconhecerem suas dificuldades, aceit\u00e1-las e super\u00e1-las.<\/p><p>O evento contou com a presen\u00e7a dos maiores especialistas em educa\u00e7\u00e3o e fam\u00edlia, sendo eles: Marcelo Zanette, Administrador do Col\u00e9gio Monte Alto e idealizador da mentoria \u201cComo tirar o col\u00e9gio do papel\u201d, junto com Italo Marsili; Jo\u00e3o Malheiro, doutor em Educa\u00e7\u00e3o pela UFRJ e Diretor do Col\u00e9gio Porto Real (RJ); Angela Gandra, doutora em Direito pela UFRS, membro da Academia Brasileira de Filosofia, membro da Academia Paulista de Letras Jur\u00eddicas e ex- Secret\u00e1ria Nacional da Fam\u00edlia do Minist\u00e9rio da Mulher, Fam\u00edlia e Direitos Humanos; Juliano Campana, mestre em Administra\u00e7\u00e3o pela UFES e fundador da Escola Am\u00e9rica de Vit\u00f3ria (ES); Mariana Campana, pedagoga, especialista em educa\u00e7\u00e3o infantil, educa\u00e7\u00e3o especial e educa\u00e7\u00e3o na primeira inf\u00e2ncia; Virg\u00ednia Aro, Advogada e Diretora do Col\u00e9gio Alta Vista \u2013 BH; e Michele Mafia, m\u00e9dica e terapeuta, especialista em orienta\u00e7\u00e3o familiar pelo Instituto Brasileiro de Fam\u00edlia e certificada Italo Marsili (CIM).<\/p><p>O Congresso foi pensado especialmente para a popula\u00e7\u00e3o de Montes Claros, que estava sedenta por uma forma\u00e7\u00e3o acad\u00eamica de excel\u00eancia para seus filhos e\/ou alunos e, principalmente, uma forma\u00e7\u00e3o moral pautada em virtudes e valores s\u00f3lidos.<\/p><p>Foi um momento \u00fanico de conhecer sobre a Educa\u00e7\u00e3o Personalizada e sobre como se educar em virtudes e proporcionar o melhor para o desenvolvimento dos filhos e alunos.<\/p>\t\t\t\t\t\t\t\t<\/div>\n\t\t\t\t<\/div>\n\t\t\t\t\t<\/div>\n\t\t\t\t<\/div>\n\t\t\t\t\t<\/div>\n\t\t\t\t<\/div>\n\t\t\t\t<\/div>\n\t\t","protected":false},"excerpt":{"rendered":"<p>Eventos 1\u00aa Forma\u00e7\u00e3o de Pais &#8211; Mar\u00e7o 2024 O Col\u00e9gio Montes Claros inaugurou o ciclo mensal de palestras, com o objetivo de forma\u00e7\u00e3o dos pais de seus alunos. A palestra de mar\u00e7o ser\u00e1 no pr\u00f3ximo s\u00e1bado (09\/03), \u00e0s 8h30, no espa\u00e7o de eventos do Cimams. O tema escolhido para esta primeira reuni\u00e3o \u00e9 a \u201cComunica\u00e7\u00e3o [&hellip;]<\/p>\n","protected":false},"author":1,"featured_media":0,"parent":0,"menu_order":0,"comment_status":"closed","ping_status":"closed","template":"","meta":{"footnotes":""},"aioseo_notices":[],"_links":{"self":[{"href":"https:\/\/colegiomontesclaros.com.br\/index.php\/wp-json\/wp\/v2\/pages\/30"}],"collection":[{"href":"https:\/\/colegiomontesclaros.com.br\/index.php\/wp-json\/wp\/v2\/pages"}],"about":[{"href":"https:\/\/colegiomontesclaros.com.br\/index.php\/wp-json\/wp\/v2\/types\/page"}],"author":[{"embeddable":true,"href":"https:\/\/colegiomontesclaros.com.br\/index.php\/wp-json\/wp\/v2\/users\/1"}],"replies":[{"embeddable":true,"href":"https:\/\/colegiomontesclaros.com.br\/index.php\/wp-json\/wp\/v2\/comments?post=30"}],"version-history":[{"count":58,"href":"https:\/\/colegiomontesclaros.com.br\/index.php\/wp-json\/wp\/v2\/pages\/30\/revisions"}],"predecessor-version":[{"id":764,"href":"https:\/\/colegiomontesclaros.com.br\/index.php\/wp-json\/wp\/v2\/pages\/30\/revisions\/764"}],"wp:attachment":[{"href":"https:\/\/colegiomontesclaros.com.br\/index.php\/wp-json\/wp\/v2\/media?parent=30"}],"curies":[{"name":"wp","href":"https:\/\/api.w.org\/{rel}","templated":true}]}}